{"id":554,"date":"2023-07-22T21:32:56","date_gmt":"2023-07-22T19:32:56","guid":{"rendered":"https:\/\/arka-swsiemp.pl\/?page_id=554"},"modified":"2023-07-22T21:47:36","modified_gmt":"2023-07-22T19:47:36","slug":"regulamin","status":"publish","type":"page","link":"https:\/\/arka-swsiemp.pl\/index.php\/regulamin\/","title":{"rendered":"Regulamin"},"content":{"rendered":"\t\t<div data-elementor-type=\"wp-page\" data-elementor-id=\"554\" class=\"elementor elementor-554\">\n\t\t\t\t\t\t<section class=\"elementor-section elementor-top-section elementor-element elementor-element-4340f1de elementor-section-boxed elementor-section-height-default elementor-section-height-default\" data-id=\"4340f1de\" data-element_type=\"section\" data-e-type=\"section\" data-settings=\"{&quot;background_background&quot;:&quot;classic&quot;}\">\n\t\t\t\t\t\t<div class=\"elementor-container elementor-column-gap-no\">\n\t\t\t\t\t<div class=\"elementor-column elementor-col-100 elementor-top-column elementor-element elementor-element-3bbacd7e\" data-id=\"3bbacd7e\" data-element_type=\"column\" data-e-type=\"column\">\n\t\t\t<div class=\"elementor-widget-wrap elementor-element-populated\">\n\t\t\t\t\t\t<section class=\"elementor-section elementor-inner-section elementor-element elementor-element-2205effd elementor-section-boxed elementor-section-height-default elementor-section-height-default elementor-invisible\" data-id=\"2205effd\" data-element_type=\"section\" data-e-type=\"section\" data-settings=\"{&quot;animation&quot;:&quot;fadeInUp&quot;}\">\n\t\t\t\t\t\t<div class=\"elementor-container elementor-column-gap-no\">\n\t\t\t\t\t<div class=\"elementor-column elementor-col-100 elementor-inner-column elementor-element elementor-element-4f2a4b6f\" data-id=\"4f2a4b6f\" data-element_type=\"column\" data-e-type=\"column\">\n\t\t\t<div class=\"elementor-widget-wrap elementor-element-populated\">\n\t\t\t\t\t\t<div class=\"elementor-element elementor-element-686375d7 elementor-widget elementor-widget-heading\" data-id=\"686375d7\" data-element_type=\"widget\" data-e-type=\"widget\" data-widget_type=\"heading.default\">\n\t\t\t\t<div class=\"elementor-widget-container\">\n\t\t\t\t\t<h2 class=\"elementor-heading-title elementor-size-default\">Regulamin<\/h2>\t\t\t\t<\/div>\n\t\t\t\t<\/div>\n\t\t\t\t\t<\/div>\n\t\t<\/div>\n\t\t\t\t\t<\/div>\n\t\t<\/section>\n\t\t\t\t<section class=\"elementor-section elementor-inner-section elementor-element elementor-element-13a59333 elementor-section-boxed elementor-section-height-default elementor-section-height-default\" data-id=\"13a59333\" data-element_type=\"section\" data-e-type=\"section\">\n\t\t\t\t\t\t<div class=\"elementor-container elementor-column-gap-extended\">\n\t\t\t\t\t<div class=\"elementor-column elementor-col-100 elementor-inner-column elementor-element elementor-element-30def29d\" data-id=\"30def29d\" data-element_type=\"column\" data-e-type=\"column\" data-settings=\"{&quot;background_background&quot;:&quot;classic&quot;}\">\n\t\t\t<div class=\"elementor-widget-wrap elementor-element-populated\">\n\t\t\t\t\t\t<div class=\"elementor-element elementor-element-578cfb6e eael-infobox-content-align--center eael-infobox-icon-bg-shape-none eael-infobox-icon-hover-bg-shape-none elementor-invisible elementor-widget elementor-widget-eael-info-box\" data-id=\"578cfb6e\" data-element_type=\"widget\" data-e-type=\"widget\" data-settings=\"{&quot;_animation&quot;:&quot;zoomIn&quot;}\" data-widget_type=\"eael-info-box.default\">\n\t\t\t\t<div class=\"elementor-widget-container\">\n\t\t\t\t\t        <div class=\"eael-infobox icon-on-top\">\n\t            <div class=\"infobox-icon eael-icon-only\">\n\n            \n                            <div class=\"infobox-icon-wrap\">\n                                    <\/div>\n            \n            \n        <\/div>\n            <div class=\"infobox-content eael-icon-only\">\n        <div><p>Regulamin obowi\u0105zuje wszystkich cz\u0142onk\u00f3w klubu oraz osoby zatrudnione w SWSIEMP ARKA Gdynia<\/p><p>\u00a0<\/p><p>\u00a71<\/p><p>Przyst\u0119puj\u0105cy do klubu zobowi\u0105zany jest do wype\u0142nienia i podpisania Deklaracji Cz\u0142onkowskiej. Zawodnik, kt\u00f3ry deklaruje uczestnictwo w zaj\u0119ciach oraz jego opiekun\/opiekunowie prawny\/i zobowi\u0105zani jest do przestrzegania niniejszego regulaminu.<br \/>Rodzice\/opiekunowie podpisuj\u0105c formularz zg\u0142oszeniowy potwierdzaj\u0105, \u017ce dziecko nie ma przeciwwskaza\u0144 zdrowotnych do uczestniczenia w treningach.<br \/>Cz\u0142onek klubu powinien aktywnie uczestniczy\u0107 w pracach klubu i pomaga\u0107 w jak najlepszej realizacji zada\u0144 statutowych.<br \/>Zaj\u0119cia treningowe, turnieje sportowe, maj\u0105 charakter zaj\u0119\u0107 pozalekcyjnych i odpowiedzialno\u015b\u0107 za doprowadzenie i odebranie dzieci z w\/w zaj\u0119\u0107 ponosz\u0105 rodzice lub pe\u0142noprawni opiekunowie.<\/p><p><br \/>\u00a72<\/p><p>Zawodnik zobowi\u0105zany jest:<\/p><p>Do godnego reprezentowania klubu na zawodach w szczeg\u00f3lno\u015bci przez dzia\u0142ania i postawy zgodne z etyk\u0105 sportow\u0105 i zasadami fair-play,<br \/>By\u0107 sumiennym i zdyscyplinowanym,<br \/>Wykonywa\u0107 tylko i wy\u0142\u0105cznie polecenia trenera prowadz\u0105cego zaj\u0119cia,<br \/>Wszelkie dolegliwo\u015bci zdrowotne zg\u0142asza\u0107 bezzw\u0142ocznie trenerowi,<br \/>Szanowa\u0107 sprz\u0119t, kt\u00f3ry zawodnik otrzymuje w czasie treningu,<br \/>Trenowa\u0107 w stroju treningowym,<br \/>Na sali trenowa\u0107 w obuwiu typu hal\u00f3wki na boiskach zewn\u0119trznych w obuwiu typu korku lub turfy,<br \/>Do wzorowego zachowywania si\u0119 w miejscu zamieszkania, starannego uczenia si\u0119 w szkole oraz do sportowego trybu \u017cycia w szerokim tego s\u0142owa znaczeniu,<br \/>Do prawid\u0142owego od\u017cywiania si\u0119,<br \/>Do niezw\u0142ocznego wyrobienia Karty Zdrowia Sportowca oraz regularnego jej przed\u0142u\u017cania.<\/p><p><br \/>\u00a73<\/p><p>Rodzice\/opiekunowie zobowi\u0105zuj\u0105 si\u0119 do:<\/p><p>Poinformowania trenera prowadz\u0105cego dru\u017cyn\u0119 lub kierownika grupy o nieobecno\u015bci dziecka na treningu,<br \/>W przypadku rezygnacji dziecka z udzia\u0142u w zaj\u0119ciach, powiadomi\u0107 o tym fakcie klub w formie pisemnej na adres e-mailowy klubu: arkaswsiemp@gmail.com. Okres wypowiedzenia cz\u0142onkostwa wynosi 1 miesi\u0105c. Zg\u0142oszenia rezygnacji nale\u017cy dokonywa\u0107 najp\u00f3\u017aniej do ostatniego dnia miesi\u0105ca, poprzedzaj\u0105cego miesi\u0105c, w kt\u00f3rym ma nast\u0105pi\u0107 zako\u0144czenie cz\u0142onkostwa. Nie dotrzymanie wskazanego terminu skutkowa\u0107 b\u0119dzie konieczno\u015bci\u0105 op\u0142acenia sk\u0142adki za kolejny miesi\u0105c.<br \/>Nie podwa\u017cania autorytetu trenera, zar\u00f3wno w obecno\u015bci swoich dzieci, jak i innych rodzic\u00f3w,<br \/>Do zg\u0142aszania si\u0119 ze wszystkimi problemami, w\u0105tpliwo\u015bciami indywidualnie do trenera prowadz\u0105cego rocznik,<br \/>Do \u015bledzenia stron internetowych klubu w celu pozyskiwania informacji o bie\u017c\u0105cych i przysz\u0142ych &#8211; istotnych dla funkcjonowania klubu sprawach. Umieszczenie informacji na stronie klubu rozumiane jest jako powiadomienie i nie wymaga \u017cadnej innej formy powiadomienia,<br \/>Podczas mecz\u00f3w i trening\u00f3w, rodzice\/opiekunowie, kibice (osoby postronne) powinni przebywa\u0107 na trybunach obiektu sportowego, na kt\u00f3rym odbywaj\u0105 si\u0119 zawody. W czasie meczu winni zachowywa\u0107 si\u0119 kulturalnie, akceptowa\u0107 wszystkie decyzje s\u0119dziego i nie obra\u017ca\u0107 dru\u017cyny przeciwnej,<\/p><p><br \/>\u00a74<\/p><p>1.Skre\u015blenie z listy cz\u0142onk\u00f3w mo\u017ce nast\u0105pi\u0107 w przypadku nierespektowania zapis\u00f3w niniejszego Regulaminu.<\/p><p>2.Podczas trening\u00f3w, mecz\u00f3w oraz zgrupowa\u0144 sportowych zawodnicy maj\u0105 bezwzgl\u0119dny zakaz:<\/p><p>Palenia wyrob\u00f3w tytoniowych,<br \/>Spo\u017cywania alkoholu<br \/>Za\u017cywania jakichkolwiek u\u017cywek.<br \/>3. W przypadku stwierdzenia faktu, i\u017c zawodnik stawi\u0142 si\u0119 na trening lub mecz w stanie okre\u015blonym w \u00a75 pkt.1 zawodnik zostaje skre\u015blony z listy zawodnik\u00f3w klubu oraz wykluczony z pocztu cz\u0142onk\u00f3w klubu<\/p><p>\u00a0<\/p><p>\u00a75<\/p><p>O powo\u0142aniu zawodnika na mecz, turniej czy inne zawody b\u0119d\u0105 decydowa\u0107 mi\u0119dzy innymi nast\u0119puj\u0105ce czynniki:<\/p><p>Obecno\u015b\u0107, praca i zaanga\u017cowanie na treningu,<br \/>Dyscyplina zawodnika na prowadzonych zaj\u0119ciach,<br \/>Op\u0142acona sk\u0142adka miesi\u0119czna.<br \/>Rodzice\/opiekunowie prawni, kt\u00f3rzy godz\u0105 si\u0119 na transport dziecka (turniej, trening) z trenerem, b\u0105d\u017a osobami trzecimi robi\u0105 to na W\u0141ASN\u0104 ODPOWIEDZIALNO\u015a\u0106<br \/>Ka\u017cdy zawodnik ma prawo zg\u0142asza\u0107 swoj\u0105 kandydatur\u0119 do uczestnictwa w obozach i zgrupowaniach sportowo &#8211; treningowo &#8211; wypoczynkowych, jednak ostateczna decyzja kwalifikacyjna nale\u017cy do sztabu szkoleniowego klubu. O niezakwalifikowaniu dany zawodnik jest zawiadamiany pisemnie (drog\u0105 mailow\u0105), a uzasadnienie nie jest konieczne. Procedura odmowy kwalifikacji na ob\u00f3z sportowy nie podlega odwo\u0142aniu.<br \/>Koszty wyjazd\u00f3w na obozy sportowe, turnieje zagraniczne itp. pokrywaj\u0105 uczestnicy, w szczeg\u00f3lno\u015bci obejmuj\u0105 one: ubezpieczenie, przejazdy, noclegi, wy\u017cywienie, koszty obs\u0142ugi szkoleniowc\u00f3w i inne niezb\u0119dne dla realizacji zada\u0144 szkoleniowych.<br \/>Zawodnik powinien by\u0107 dodatkowo ubezpieczony od nast\u0119pstw nieszcz\u0119\u015bliwych wypadk\u00f3w, koszt\u00f3w leczenia i rehabilitacji z tytu\u0142u cz\u0142onkostwa w klubie sportowym. Rodzic podpisuj\u0105c deklaracj\u0119 uczestnictwa informuje klub czy dziecko jest obj\u0119te powy\u017cszym ubezpieczeniem w szkole do kt\u00f3rej ucz\u0119szcza. W przypadku braku ubezpieczenia NNW, rodzic jest zobowi\u0105zany naby\u0107 takie ubezpieczenie dla swojego dziecka.<br \/>Za rzeczy pozostawione na obozach sportowych, treningach, sparingach, turniejach w szatni czy na boisku klub nie odpowiada. Jednocze\u015bnie prosi si\u0119 o nie zabieranie ze sob\u0105 przede wszystkim na treningi rzeczy warto\u015bciowych.<br \/>Zawodnik podczas trening\u00f3w, oboz\u00f3w, mecz\u00f3w, turniej\u00f3w i innych zaj\u0119\u0107 sportowych organizowanych przez klub nie powinien nosi\u0107 \u017cadnej bi\u017cuterii, kolczyk\u00f3w, zegark\u00f3w, czy innych przedmiot\u00f3w mog\u0105cych spowodowa\u0107 urazy u zawodnika, jak i u innych z nim trenuj\u0105cych lub wsp\u00f3\u0142zawodnicz\u0105cych.<\/p><p><br \/>\u00a76<\/p><p>Wysoko\u015b\u0107 miesi\u0119cznej sk\u0142adki cz\u0142onkowskiej corocznie okre\u015bla Zarz\u0105d Klubu. Sk\u0142adaj\u0105c deklaracj\u0119 przynale\u017cno\u015bci do Klubu, zawodnik deklaruje regularne op\u0142acanie sk\u0142adek cz\u0142onkowskich.<br \/>Sk\u0142adka cz\u0142onkowska ustalana jest w tej samej wysoko\u015bci we wszystkich miesi\u0105cach kalendarzowych, w\u0142\u0105cznie z miesi\u0105cami wakacji, ferii czy przerw \u015bwi\u0105tecznych.<br \/>Jedynym miesi\u0105cem wolnym od op\u0142at jest lipiec, kiedy to nie s\u0105 prowadzone zaj\u0119cia treningowe. Pozosta\u0142e miesi\u0105ce (od sierpnia do czerwca) s\u0105 okresem aktywno\u015bci treningowej i p\u0142atno\u015b\u0107 sk\u0142adki za te miesi\u0105ce jest obowi\u0105zkowa.<br \/>Mniejsze ilo\u015bciowe ucz\u0119szczanie na treningi, sparingi, zawody nie zmniejszaj\u0105 wysoko\u015bci sk\u0142adki statutowo-organizacyjnej. Sk\u0142adka cz\u0142onkowska wynika z przynale\u017cno\u015bci dziecka do klubu.<br \/>Sk\u0142adk\u0119 cz\u0142onkowsk\u0105 nale\u017cy uregulowa\u0107 do 10 dnia ka\u017cdego miesi\u0105ca.<br \/>W przypadku nieop\u0142acenia sk\u0142adki w terminie do ko\u0144ca miesi\u0105ca w kt\u00f3rym powinna nast\u0105pi\u0107 op\u0142ata, zawodnik nie mo\u017ce bra\u0107 udzia\u0142u w zaj\u0119ciach organizowanych przez klub (treningi, zawody, itp.) do momentu uregulowania zaleg\u0142o\u015bci.<br \/>Zawodnik mo\u017ce zosta\u0107 zwolniony z op\u0142acania sk\u0142adki cz\u0142onkowskiej w sytuacji d\u0142ugotrwa\u0142ej kontuzji lub choroby potwierdzonej zwolnieniem lekarskim. Za &#8222;d\u0142ugotrwa\u0142\u0105&#8221; nale\u017cy rozumie\u0107 okres powy\u017cej miesi\u0105ca.<br \/>Skre\u015blenie z listy cz\u0142onk\u00f3w mo\u017ce nast\u0105pi\u0107 w przypadku zalegania z op\u0142at\u0105 sk\u0142adek cz\u0142onkowskich za okres maksymalnie do dw\u00f3ch miesi\u0119cy lub nie rozliczenia roku kalendarzowego.<br \/>Zaistnia\u0142e zdarzenia z przyczyn niezale\u017cnych od klubu nie zmniejszaj\u0105 wysoko\u015bci sk\u0142adki statutowo-organizacyjnej<\/p><p><br \/>\u00a77<\/p><p>Stowarzyszenie Wspierania Sportu i Edukacji M\u0142odych Pi\u0142karzy ARKA Gdynia zastrzega sobie prawo zmian w regulaminie, niniejszy regulamin mo\u017ce podlega\u0107 modyfikacjom, uzupe\u0142nieniom, rozbudowie merytorycznej, a wi\u0119c obowi\u0105zkiem ka\u017cdego cz\u0142onka klubu lub osoby zatrudnionej jest jego sta\u0142e monitorowanie. Wprowadzane zmiany czy uzupe\u0142nienia nie b\u0119d\u0105 w szczeg\u00f3lny spos\u00f3b og\u0142aszane lub zapowiadane.<br \/>Klub ma prawo do przetwarzania danych osobowych zawodnika na potrzeby w\u0142asne i organizator\u00f3w imprez do kt\u00f3rych zawodnik zosta\u0142 zg\u0142oszony, tym samym rodzic\/opiekun prawny wyra\u017ca zgod\u0119 na przetwarzanie danych osobowych dziecka przez Stowarzyszenie Wspierania Sportu i Edukacji M\u0142odych Pi\u0142karzy ARKA Gdynia, kt\u00f3re jest organizatorem Szk\u00f3\u0142ki (zgodnie z ustaw\u0105 o ochronie danych osobowych Dz.U. 1997 nr 133 poz. 883 z p\u00f3\u017aniejszymi zmianami) oraz na u\u017cywanie wizerunku (zdj\u0119cia) dziecka i podstawowych danych osobowych na potrzeby funkcjonowania oficjalnej strony internetowej Stowarzyszenia Wspierania Sportu i Edukacji M\u0142odych Pi\u0142karzy ARKA Gdynia, a tak\u017ce wszelkiego rodzaju akcji marketingowych.<br \/>Nieprzestrzeganie lub ra\u017c\u0105ce naruszenie kt\u00f3regokolwiek z punkt\u00f3w regulaminu mo\u017ce by\u0107 podstaw\u0105 do wydalenia zawodnika ze Stowarzyszenia Wspierania Sportu i Edukacji M\u0142odych Pi\u0142karzy ARKA Gdynia<br \/>Wszystkie pozosta\u0142e sprawy, kt\u00f3rych nie okre\u015bla niniejszy regulamin, ma prawo i obowi\u0105zek rozstrzyga\u0107 Zarz\u0105d Klubu, kt\u00f3rego decyzja jest nieodwo\u0142alna i ostateczna.<\/p><p><br \/>Regulamin wchodzi w \u017cycie z dniem uchwalenia.<\/p><\/div>        <\/div>\n            <\/div>\n\n\t\t\t\t\t\t<\/div>\n\t\t\t\t<\/div>\n\t\t\t\t\t<\/div>\n\t\t<\/div>\n\t\t\t\t\t<\/div>\n\t\t<\/section>\n\t\t\t\t\t<\/div>\n\t\t<\/div>\n\t\t\t\t\t<\/div>\n\t\t<\/section>\n\t\t\t\t<\/div>\n\t\t","protected":false},"excerpt":{"rendered":"<p>Regulamin Regulamin obowi\u0105zuje wszystkich cz\u0142onk\u00f3w klubu oraz osoby zatrudnione w SWSIEMP ARKA Gdynia \u00a0 \u00a71 Przyst\u0119puj\u0105cy do klubu zobowi\u0105zany jest do wype\u0142nienia i podpisania Deklaracji Cz\u0142onkowskiej. Zawodnik, kt\u00f3ry deklaruje uczestnictwo w zaj\u0119ciach oraz jego opiekun\/opiekunowie prawny\/i zobowi\u0105zani jest do przestrzegania niniejszego regulaminu.Rodzice\/opiekunowie podpisuj\u0105c formularz zg\u0142oszeniowy potwierdzaj\u0105, \u017ce dziecko nie ma przeciwwskaza\u0144 zdrowotnych do uczestniczenia w &hellip; <\/p>\n<p class=\"link-more\"><a href=\"https:\/\/arka-swsiemp.pl\/index.php\/regulamin\/\" class=\"more-link\">Czytaj dalej<span class=\"screen-reader-text\"> \u201eRegulamin\u201d<\/span><\/a><\/p>\n","protected":false},"author":1,"featured_media":0,"parent":0,"menu_order":0,"comment_status":"closed","ping_status":"closed","template":"elementor_header_footer","meta":{"footnotes":""},"class_list":["post-554","page","type-page","status-publish","hentry"],"yoast_head":"<!-- This site is optimized with the Yoast SEO plugin v27.4 - https:\/\/yoast.com\/product\/yoast-seo-wordpress\/ -->\n<title>Regulamin | Arka Gdynia SWSiEMP<\/title>\n<meta name=\"robots\" content=\"index, follow, max-snippet:-1, max-image-preview:large, max-video-preview:-1\" \/>\n<link rel=\"canonical\" href=\"https:\/\/arka-swsiemp.pl\/index.php\/regulamin\/\" \/>\n<meta property=\"og:locale\" content=\"pl_PL\" \/>\n<meta property=\"og:type\" content=\"article\" \/>\n<meta property=\"og:title\" content=\"Regulamin | Arka Gdynia SWSiEMP\" \/>\n<meta property=\"og:description\" content=\"Regulamin Regulamin obowi\u0105zuje wszystkich cz\u0142onk\u00f3w klubu oraz osoby zatrudnione w SWSIEMP ARKA Gdynia \u00a0 \u00a71 Przyst\u0119puj\u0105cy do klubu zobowi\u0105zany jest do wype\u0142nienia i podpisania Deklaracji Cz\u0142onkowskiej. Zawodnik, kt\u00f3ry deklaruje uczestnictwo w zaj\u0119ciach oraz jego opiekun\/opiekunowie prawny\/i zobowi\u0105zani jest do przestrzegania niniejszego regulaminu.Rodzice\/opiekunowie podpisuj\u0105c formularz zg\u0142oszeniowy potwierdzaj\u0105, \u017ce dziecko nie ma przeciwwskaza\u0144 zdrowotnych do uczestniczenia w &hellip; Czytaj dalej \u201eRegulamin\u201d\" \/>\n<meta property=\"og:url\" content=\"https:\/\/arka-swsiemp.pl\/index.php\/regulamin\/\" \/>\n<meta property=\"og:site_name\" content=\"Arka Gdynia SWSiEMP\" \/>\n<meta property=\"article:publisher\" content=\"https:\/\/www.facebook.com\/profile.php?id=100076234040257\" \/>\n<meta property=\"article:modified_time\" content=\"2023-07-22T19:47:36+00:00\" \/>\n<meta property=\"og:image\" content=\"https:\/\/arka-swsiemp.pl\/wp-content\/uploads\/2023\/08\/grupowe-aktualnosci-1-kopia_2-scaled.jpg\" \/>\n\t<meta property=\"og:image:width\" content=\"2560\" \/>\n\t<meta property=\"og:image:height\" content=\"1920\" \/>\n\t<meta property=\"og:image:type\" content=\"image\/jpeg\" \/>\n<meta name=\"twitter:card\" content=\"summary_large_image\" \/>\n<meta name=\"twitter:label1\" content=\"Szacowany czas czytania\" \/>\n\t<meta name=\"twitter:data1\" content=\"7 minut\" \/>\n<script type=\"application\/ld+json\" class=\"yoast-schema-graph\">{\"@context\":\"https:\\\/\\\/schema.org\",\"@graph\":[{\"@type\":\"WebPage\",\"@id\":\"https:\\\/\\\/arka-swsiemp.pl\\\/index.php\\\/regulamin\\\/\",\"url\":\"https:\\\/\\\/arka-swsiemp.pl\\\/index.php\\\/regulamin\\\/\",\"name\":\"Regulamin | Arka Gdynia SWSiEMP\",\"isPartOf\":{\"@id\":\"https:\\\/\\\/arka-swsiemp.pl\\\/#website\"},\"datePublished\":\"2023-07-22T19:32:56+00:00\",\"dateModified\":\"2023-07-22T19:47:36+00:00\",\"breadcrumb\":{\"@id\":\"https:\\\/\\\/arka-swsiemp.pl\\\/index.php\\\/regulamin\\\/#breadcrumb\"},\"inLanguage\":\"pl-PL\",\"potentialAction\":[{\"@type\":\"ReadAction\",\"target\":[\"https:\\\/\\\/arka-swsiemp.pl\\\/index.php\\\/regulamin\\\/\"]}]},{\"@type\":\"BreadcrumbList\",\"@id\":\"https:\\\/\\\/arka-swsiemp.pl\\\/index.php\\\/regulamin\\\/#breadcrumb\",\"itemListElement\":[{\"@type\":\"ListItem\",\"position\":1,\"name\":\"Strona g\u0142\u00f3wna\",\"item\":\"https:\\\/\\\/arka-swsiemp.pl\\\/\"},{\"@type\":\"ListItem\",\"position\":2,\"name\":\"Regulamin\"}]},{\"@type\":\"WebSite\",\"@id\":\"https:\\\/\\\/arka-swsiemp.pl\\\/#website\",\"url\":\"https:\\\/\\\/arka-swsiemp.pl\\\/\",\"name\":\"Arka Gdynia SWSiEMP\",\"description\":\"\",\"publisher\":{\"@id\":\"https:\\\/\\\/arka-swsiemp.pl\\\/#organization\"},\"potentialAction\":[{\"@type\":\"SearchAction\",\"target\":{\"@type\":\"EntryPoint\",\"urlTemplate\":\"https:\\\/\\\/arka-swsiemp.pl\\\/?s={search_term_string}\"},\"query-input\":{\"@type\":\"PropertyValueSpecification\",\"valueRequired\":true,\"valueName\":\"search_term_string\"}}],\"inLanguage\":\"pl-PL\"},{\"@type\":\"Organization\",\"@id\":\"https:\\\/\\\/arka-swsiemp.pl\\\/#organization\",\"name\":\"Arka Gdynia SWSiEMP\",\"url\":\"https:\\\/\\\/arka-swsiemp.pl\\\/\",\"logo\":{\"@type\":\"ImageObject\",\"inLanguage\":\"pl-PL\",\"@id\":\"https:\\\/\\\/arka-swsiemp.pl\\\/#\\\/schema\\\/logo\\\/image\\\/\",\"url\":\"https:\\\/\\\/arka-swsiemp.pl\\\/wp-content\\\/uploads\\\/2023\\\/07\\\/logo-swsiemp-w-png.png\",\"contentUrl\":\"https:\\\/\\\/arka-swsiemp.pl\\\/wp-content\\\/uploads\\\/2023\\\/07\\\/logo-swsiemp-w-png.png\",\"width\":1181,\"height\":1181,\"caption\":\"Arka Gdynia SWSiEMP\"},\"image\":{\"@id\":\"https:\\\/\\\/arka-swsiemp.pl\\\/#\\\/schema\\\/logo\\\/image\\\/\"},\"sameAs\":[\"https:\\\/\\\/www.facebook.com\\\/profile.php?id=100076234040257\",\"https:\\\/\\\/www.instagram.com\\\/swsiemp_arka_gdynia\\\/\"]}]}<\/script>\n<!-- \/ Yoast SEO plugin. -->","yoast_head_json":{"title":"Regulamin | Arka Gdynia SWSiEMP","robots":{"index":"index","follow":"follow","max-snippet":"max-snippet:-1","max-image-preview":"max-image-preview:large","max-video-preview":"max-video-preview:-1"},"canonical":"https:\/\/arka-swsiemp.pl\/index.php\/regulamin\/","og_locale":"pl_PL","og_type":"article","og_title":"Regulamin | Arka Gdynia SWSiEMP","og_description":"Regulamin Regulamin obowi\u0105zuje wszystkich cz\u0142onk\u00f3w klubu oraz osoby zatrudnione w SWSIEMP ARKA Gdynia \u00a0 \u00a71 Przyst\u0119puj\u0105cy do klubu zobowi\u0105zany jest do wype\u0142nienia i podpisania Deklaracji Cz\u0142onkowskiej. Zawodnik, kt\u00f3ry deklaruje uczestnictwo w zaj\u0119ciach oraz jego opiekun\/opiekunowie prawny\/i zobowi\u0105zani jest do przestrzegania niniejszego regulaminu.Rodzice\/opiekunowie podpisuj\u0105c formularz zg\u0142oszeniowy potwierdzaj\u0105, \u017ce dziecko nie ma przeciwwskaza\u0144 zdrowotnych do uczestniczenia w &hellip; Czytaj dalej \u201eRegulamin\u201d","og_url":"https:\/\/arka-swsiemp.pl\/index.php\/regulamin\/","og_site_name":"Arka Gdynia SWSiEMP","article_publisher":"https:\/\/www.facebook.com\/profile.php?id=100076234040257","article_modified_time":"2023-07-22T19:47:36+00:00","og_image":[{"width":2560,"height":1920,"url":"https:\/\/arka-swsiemp.pl\/wp-content\/uploads\/2023\/08\/grupowe-aktualnosci-1-kopia_2-scaled.jpg","type":"image\/jpeg"}],"twitter_card":"summary_large_image","twitter_misc":{"Szacowany czas czytania":"7 minut"},"schema":{"@context":"https:\/\/schema.org","@graph":[{"@type":"WebPage","@id":"https:\/\/arka-swsiemp.pl\/index.php\/regulamin\/","url":"https:\/\/arka-swsiemp.pl\/index.php\/regulamin\/","name":"Regulamin | Arka Gdynia SWSiEMP","isPartOf":{"@id":"https:\/\/arka-swsiemp.pl\/#website"},"datePublished":"2023-07-22T19:32:56+00:00","dateModified":"2023-07-22T19:47:36+00:00","breadcrumb":{"@id":"https:\/\/arka-swsiemp.pl\/index.php\/regulamin\/#breadcrumb"},"inLanguage":"pl-PL","potentialAction":[{"@type":"ReadAction","target":["https:\/\/arka-swsiemp.pl\/index.php\/regulamin\/"]}]},{"@type":"BreadcrumbList","@id":"https:\/\/arka-swsiemp.pl\/index.php\/regulamin\/#breadcrumb","itemListElement":[{"@type":"ListItem","position":1,"name":"Strona g\u0142\u00f3wna","item":"https:\/\/arka-swsiemp.pl\/"},{"@type":"ListItem","position":2,"name":"Regulamin"}]},{"@type":"WebSite","@id":"https:\/\/arka-swsiemp.pl\/#website","url":"https:\/\/arka-swsiemp.pl\/","name":"Arka Gdynia SWSiEMP","description":"","publisher":{"@id":"https:\/\/arka-swsiemp.pl\/#organization"},"potentialAction":[{"@type":"SearchAction","target":{"@type":"EntryPoint","urlTemplate":"https:\/\/arka-swsiemp.pl\/?s={search_term_string}"},"query-input":{"@type":"PropertyValueSpecification","valueRequired":true,"valueName":"search_term_string"}}],"inLanguage":"pl-PL"},{"@type":"Organization","@id":"https:\/\/arka-swsiemp.pl\/#organization","name":"Arka Gdynia SWSiEMP","url":"https:\/\/arka-swsiemp.pl\/","logo":{"@type":"ImageObject","inLanguage":"pl-PL","@id":"https:\/\/arka-swsiemp.pl\/#\/schema\/logo\/image\/","url":"https:\/\/arka-swsiemp.pl\/wp-content\/uploads\/2023\/07\/logo-swsiemp-w-png.png","contentUrl":"https:\/\/arka-swsiemp.pl\/wp-content\/uploads\/2023\/07\/logo-swsiemp-w-png.png","width":1181,"height":1181,"caption":"Arka Gdynia SWSiEMP"},"image":{"@id":"https:\/\/arka-swsiemp.pl\/#\/schema\/logo\/image\/"},"sameAs":["https:\/\/www.facebook.com\/profile.php?id=100076234040257","https:\/\/www.instagram.com\/swsiemp_arka_gdynia\/"]}]}},"_links":{"self":[{"href":"https:\/\/arka-swsiemp.pl\/index.php\/wp-json\/wp\/v2\/pages\/554","targetHints":{"allow":["GET"]}}],"collection":[{"href":"https:\/\/arka-swsiemp.pl\/index.php\/wp-json\/wp\/v2\/pages"}],"about":[{"href":"https:\/\/arka-swsiemp.pl\/index.php\/wp-json\/wp\/v2\/types\/page"}],"author":[{"embeddable":true,"href":"https:\/\/arka-swsiemp.pl\/index.php\/wp-json\/wp\/v2\/users\/1"}],"replies":[{"embeddable":true,"href":"https:\/\/arka-swsiemp.pl\/index.php\/wp-json\/wp\/v2\/comments?post=554"}],"version-history":[{"count":7,"href":"https:\/\/arka-swsiemp.pl\/index.php\/wp-json\/wp\/v2\/pages\/554\/revisions"}],"predecessor-version":[{"id":562,"href":"https:\/\/arka-swsiemp.pl\/index.php\/wp-json\/wp\/v2\/pages\/554\/revisions\/562"}],"wp:attachment":[{"href":"https:\/\/arka-swsiemp.pl\/index.php\/wp-json\/wp\/v2\/media?parent=554"}],"curies":[{"name":"wp","href":"https:\/\/api.w.org\/{rel}","templated":true}]}}