{"id":3845,"date":"2025-08-23T06:30:00","date_gmt":"2025-08-23T04:30:00","guid":{"rendered":"https:\/\/arka-swsiemp.pl\/?page_id=3845"},"modified":"2026-01-23T06:36:28","modified_gmt":"2026-01-23T05:36:28","slug":"dni-wolne-od-zajec","status":"publish","type":"page","link":"https:\/\/arka-swsiemp.pl\/index.php\/dni-wolne-od-zajec\/","title":{"rendered":""},"content":{"rendered":"\t\t<div data-elementor-type=\"wp-page\" data-elementor-id=\"3845\" class=\"elementor elementor-3845\">\n\t\t\t\t\t\t<section class=\"elementor-section elementor-top-section elementor-element elementor-element-eaa4959 elementor-section-boxed elementor-section-height-default elementor-section-height-default\" data-id=\"eaa4959\" data-element_type=\"section\" data-e-type=\"section\">\n\t\t\t\t\t\t<div class=\"elementor-container elementor-column-gap-default\">\n\t\t\t\t\t<div class=\"elementor-column elementor-col-100 elementor-top-column elementor-element elementor-element-5b4ed7b\" data-id=\"5b4ed7b\" data-element_type=\"column\" data-e-type=\"column\">\n\t\t\t<div class=\"elementor-widget-wrap elementor-element-populated\">\n\t\t\t\t\t\t<div class=\"elementor-element elementor-element-b255823 elementor-widget elementor-widget-heading\" data-id=\"b255823\" data-element_type=\"widget\" data-e-type=\"widget\" data-widget_type=\"heading.default\">\n\t\t\t\t<div class=\"elementor-widget-container\">\n\t\t\t\t\t<h2 class=\"elementor-heading-title elementor-size-default\">Dni wolne od zaj\u0119\u0107<\/h2>\t\t\t\t<\/div>\n\t\t\t\t<\/div>\n\t\t\t\t\t<\/div>\n\t\t<\/div>\n\t\t\t\t\t<\/div>\n\t\t<\/section>\n\t\t\t\t<section class=\"elementor-section elementor-top-section elementor-element elementor-element-22e8ff95 elementor-section-boxed elementor-section-height-default elementor-section-height-default\" data-id=\"22e8ff95\" data-element_type=\"section\" data-e-type=\"section\">\n\t\t\t\t\t\t<div class=\"elementor-container elementor-column-gap-default\">\n\t\t\t\t\t<div class=\"elementor-column elementor-col-100 elementor-top-column elementor-element elementor-element-12e18978\" data-id=\"12e18978\" data-element_type=\"column\" data-e-type=\"column\">\n\t\t\t<div class=\"elementor-widget-wrap elementor-element-populated\">\n\t\t\t\t\t\t<div class=\"elementor-element elementor-element-1462bb49 elementor-widget elementor-widget-text-editor\" data-id=\"1462bb49\" data-element_type=\"widget\" data-e-type=\"widget\" data-widget_type=\"text-editor.default\">\n\t\t\t\t<div class=\"elementor-widget-container\">\n\t\t\t\t\t\t\t\t\t\n<p><strong>W sezonie 2025\/2026 zaj\u0119cia treningowe nie b\u0119d\u0105 odbywa\u0107 si\u0119 w pierwszy tydzie\u0144 ferii zimowych, w okresie przerwy \u015bwi\u0105teczno-noworocznej, kwietniowej przerwy \u015bwi\u0105tecznej oraz w maj\u00f3wk\u0119 i Bo\u017ce Cia\u0142o. Poni\u017cej szczeg\u00f3\u0142y. <\/strong><\/p>\n\n<p>\u00a0<\/p>\n\n<p>&#8211; 22.12.2025 &#8211; 6.01.2026 &#8211; przerwa \u015bwi\u0105teczno-noworoczna<br \/>&#8211; 18 &#8211; 25.01.2026 &#8211; I tydzie\u0144 ferii<br \/>&#8211; 4 &#8211; 6.04.2026 &#8211; przerwa \u015bwi\u0105teczna\u00a0<br \/>&#8211; 2.05.2026 &#8211; maj\u00f3wka<br \/>&#8211; 4 &#8211; 6.06 &#8211; Bo\u017ce Cia\u0142o<\/p>\n\t\t\t\t\t\t\t\t<\/div>\n\t\t\t\t<\/div>\n\t\t\t\t\t<\/div>\n\t\t<\/div>\n\t\t\t\t\t<\/div>\n\t\t<\/section>\n\t\t\t\t<\/div>\n\t\t","protected":false},"excerpt":{"rendered":"<p>Dni wolne od zaj\u0119\u0107 W sezonie 2025\/2026 zaj\u0119cia treningowe nie b\u0119d\u0105 odbywa\u0107 si\u0119 w pierwszy tydzie\u0144 ferii zimowych, w okresie przerwy \u015bwi\u0105teczno-noworocznej, kwietniowej przerwy \u015bwi\u0105tecznej oraz w maj\u00f3wk\u0119 i Bo\u017ce Cia\u0142o. Poni\u017cej szczeg\u00f3\u0142y. &nbsp; &#8211; 22.12.2025 &#8211; 6.01.2026 &#8211; przerwa \u015bwi\u0105teczno-noworoczna&#8211; 18 &#8211; 25.01.2026 &#8211; I tydzie\u0144 ferii&#8211; 4 &#8211; 6.04.2026 &#8211; przerwa \u015bwi\u0105teczna&nbsp;&#8211; 2.05.2026 &hellip; <\/p>\n<p class=\"link-more\"><a href=\"https:\/\/arka-swsiemp.pl\/index.php\/dni-wolne-od-zajec\/\" class=\"more-link\">Czytaj dalej<span class=\"screen-reader-text\"> \u201e\u201d<\/span><\/a><\/p>\n","protected":false},"author":1,"featured_media":0,"parent":0,"menu_order":0,"comment_status":"closed","ping_status":"closed","template":"","meta":{"footnotes":""},"class_list":["post-3845","page","type-page","status-publish","hentry"],"yoast_head":"<!-- This site is optimized with the Yoast SEO plugin v27.4 - https:\/\/yoast.com\/product\/yoast-seo-wordpress\/ -->\n<title>| Arka Gdynia SWSiEMP<\/title>\n<meta name=\"robots\" content=\"index, follow, max-snippet:-1, max-image-preview:large, max-video-preview:-1\" \/>\n<link rel=\"canonical\" href=\"https:\/\/arka-swsiemp.pl\/index.php\/dni-wolne-od-zajec\/\" \/>\n<meta property=\"og:locale\" content=\"pl_PL\" \/>\n<meta property=\"og:type\" content=\"article\" \/>\n<meta property=\"og:title\" content=\"| Arka Gdynia SWSiEMP\" \/>\n<meta property=\"og:description\" content=\"Dni wolne od zaj\u0119\u0107 W sezonie 2025\/2026 zaj\u0119cia treningowe nie b\u0119d\u0105 odbywa\u0107 si\u0119 w pierwszy tydzie\u0144 ferii zimowych, w okresie przerwy \u015bwi\u0105teczno-noworocznej, kwietniowej przerwy \u015bwi\u0105tecznej oraz w maj\u00f3wk\u0119 i Bo\u017ce Cia\u0142o. Poni\u017cej szczeg\u00f3\u0142y. &nbsp; &#8211; 22.12.2025 &#8211; 6.01.2026 &#8211; przerwa \u015bwi\u0105teczno-noworoczna&#8211; 18 &#8211; 25.01.2026 &#8211; I tydzie\u0144 ferii&#8211; 4 &#8211; 6.04.2026 &#8211; przerwa \u015bwi\u0105teczna&nbsp;&#8211; 2.05.2026 &hellip; Czytaj dalej \u201e\u201d\" \/>\n<meta property=\"og:url\" content=\"https:\/\/arka-swsiemp.pl\/index.php\/dni-wolne-od-zajec\/\" \/>\n<meta property=\"og:site_name\" content=\"Arka Gdynia SWSiEMP\" \/>\n<meta property=\"article:publisher\" content=\"https:\/\/www.facebook.com\/profile.php?id=100076234040257\" \/>\n<meta property=\"article:modified_time\" content=\"2026-01-23T05:36:28+00:00\" \/>\n<meta property=\"og:image\" content=\"https:\/\/arka-swsiemp.pl\/wp-content\/uploads\/2023\/08\/grupowe-aktualnosci-1-kopia_2-scaled.jpg\" \/>\n\t<meta property=\"og:image:width\" content=\"2560\" \/>\n\t<meta property=\"og:image:height\" content=\"1920\" \/>\n\t<meta property=\"og:image:type\" content=\"image\/jpeg\" \/>\n<meta name=\"twitter:card\" content=\"summary_large_image\" \/>\n<meta name=\"twitter:label1\" content=\"Szacowany czas czytania\" \/>\n\t<meta name=\"twitter:data1\" content=\"1 minuta\" \/>\n<script type=\"application\/ld+json\" class=\"yoast-schema-graph\">{\"@context\":\"https:\\\/\\\/schema.org\",\"@graph\":[{\"@type\":\"WebPage\",\"@id\":\"https:\\\/\\\/arka-swsiemp.pl\\\/index.php\\\/dni-wolne-od-zajec\\\/\",\"url\":\"https:\\\/\\\/arka-swsiemp.pl\\\/index.php\\\/dni-wolne-od-zajec\\\/\",\"name\":\"| Arka Gdynia SWSiEMP\",\"isPartOf\":{\"@id\":\"https:\\\/\\\/arka-swsiemp.pl\\\/#website\"},\"datePublished\":\"2025-08-23T04:30:00+00:00\",\"dateModified\":\"2026-01-23T05:36:28+00:00\",\"inLanguage\":\"pl-PL\",\"potentialAction\":[{\"@type\":\"ReadAction\",\"target\":[\"https:\\\/\\\/arka-swsiemp.pl\\\/index.php\\\/dni-wolne-od-zajec\\\/\"]}]},{\"@type\":\"WebSite\",\"@id\":\"https:\\\/\\\/arka-swsiemp.pl\\\/#website\",\"url\":\"https:\\\/\\\/arka-swsiemp.pl\\\/\",\"name\":\"Arka Gdynia SWSiEMP\",\"description\":\"\",\"publisher\":{\"@id\":\"https:\\\/\\\/arka-swsiemp.pl\\\/#organization\"},\"potentialAction\":[{\"@type\":\"SearchAction\",\"target\":{\"@type\":\"EntryPoint\",\"urlTemplate\":\"https:\\\/\\\/arka-swsiemp.pl\\\/?s={search_term_string}\"},\"query-input\":{\"@type\":\"PropertyValueSpecification\",\"valueRequired\":true,\"valueName\":\"search_term_string\"}}],\"inLanguage\":\"pl-PL\"},{\"@type\":\"Organization\",\"@id\":\"https:\\\/\\\/arka-swsiemp.pl\\\/#organization\",\"name\":\"Arka Gdynia SWSiEMP\",\"url\":\"https:\\\/\\\/arka-swsiemp.pl\\\/\",\"logo\":{\"@type\":\"ImageObject\",\"inLanguage\":\"pl-PL\",\"@id\":\"https:\\\/\\\/arka-swsiemp.pl\\\/#\\\/schema\\\/logo\\\/image\\\/\",\"url\":\"https:\\\/\\\/arka-swsiemp.pl\\\/wp-content\\\/uploads\\\/2023\\\/07\\\/logo-swsiemp-w-png.png\",\"contentUrl\":\"https:\\\/\\\/arka-swsiemp.pl\\\/wp-content\\\/uploads\\\/2023\\\/07\\\/logo-swsiemp-w-png.png\",\"width\":1181,\"height\":1181,\"caption\":\"Arka Gdynia SWSiEMP\"},\"image\":{\"@id\":\"https:\\\/\\\/arka-swsiemp.pl\\\/#\\\/schema\\\/logo\\\/image\\\/\"},\"sameAs\":[\"https:\\\/\\\/www.facebook.com\\\/profile.php?id=100076234040257\",\"https:\\\/\\\/www.instagram.com\\\/swsiemp_arka_gdynia\\\/\"]}]}<\/script>\n<!-- \/ Yoast SEO plugin. -->","yoast_head_json":{"title":"| Arka Gdynia SWSiEMP","robots":{"index":"index","follow":"follow","max-snippet":"max-snippet:-1","max-image-preview":"max-image-preview:large","max-video-preview":"max-video-preview:-1"},"canonical":"https:\/\/arka-swsiemp.pl\/index.php\/dni-wolne-od-zajec\/","og_locale":"pl_PL","og_type":"article","og_title":"| Arka Gdynia SWSiEMP","og_description":"Dni wolne od zaj\u0119\u0107 W sezonie 2025\/2026 zaj\u0119cia treningowe nie b\u0119d\u0105 odbywa\u0107 si\u0119 w pierwszy tydzie\u0144 ferii zimowych, w okresie przerwy \u015bwi\u0105teczno-noworocznej, kwietniowej przerwy \u015bwi\u0105tecznej oraz w maj\u00f3wk\u0119 i Bo\u017ce Cia\u0142o. Poni\u017cej szczeg\u00f3\u0142y. &nbsp; &#8211; 22.12.2025 &#8211; 6.01.2026 &#8211; przerwa \u015bwi\u0105teczno-noworoczna&#8211; 18 &#8211; 25.01.2026 &#8211; I tydzie\u0144 ferii&#8211; 4 &#8211; 6.04.2026 &#8211; przerwa \u015bwi\u0105teczna&nbsp;&#8211; 2.05.2026 &hellip; Czytaj dalej \u201e\u201d","og_url":"https:\/\/arka-swsiemp.pl\/index.php\/dni-wolne-od-zajec\/","og_site_name":"Arka Gdynia SWSiEMP","article_publisher":"https:\/\/www.facebook.com\/profile.php?id=100076234040257","article_modified_time":"2026-01-23T05:36:28+00:00","og_image":[{"width":2560,"height":1920,"url":"https:\/\/arka-swsiemp.pl\/wp-content\/uploads\/2023\/08\/grupowe-aktualnosci-1-kopia_2-scaled.jpg","type":"image\/jpeg"}],"twitter_card":"summary_large_image","twitter_misc":{"Szacowany czas czytania":"1 minuta"},"schema":{"@context":"https:\/\/schema.org","@graph":[{"@type":"WebPage","@id":"https:\/\/arka-swsiemp.pl\/index.php\/dni-wolne-od-zajec\/","url":"https:\/\/arka-swsiemp.pl\/index.php\/dni-wolne-od-zajec\/","name":"| Arka Gdynia SWSiEMP","isPartOf":{"@id":"https:\/\/arka-swsiemp.pl\/#website"},"datePublished":"2025-08-23T04:30:00+00:00","dateModified":"2026-01-23T05:36:28+00:00","inLanguage":"pl-PL","potentialAction":[{"@type":"ReadAction","target":["https:\/\/arka-swsiemp.pl\/index.php\/dni-wolne-od-zajec\/"]}]},{"@type":"WebSite","@id":"https:\/\/arka-swsiemp.pl\/#website","url":"https:\/\/arka-swsiemp.pl\/","name":"Arka Gdynia SWSiEMP","description":"","publisher":{"@id":"https:\/\/arka-swsiemp.pl\/#organization"},"potentialAction":[{"@type":"SearchAction","target":{"@type":"EntryPoint","urlTemplate":"https:\/\/arka-swsiemp.pl\/?s={search_term_string}"},"query-input":{"@type":"PropertyValueSpecification","valueRequired":true,"valueName":"search_term_string"}}],"inLanguage":"pl-PL"},{"@type":"Organization","@id":"https:\/\/arka-swsiemp.pl\/#organization","name":"Arka Gdynia SWSiEMP","url":"https:\/\/arka-swsiemp.pl\/","logo":{"@type":"ImageObject","inLanguage":"pl-PL","@id":"https:\/\/arka-swsiemp.pl\/#\/schema\/logo\/image\/","url":"https:\/\/arka-swsiemp.pl\/wp-content\/uploads\/2023\/07\/logo-swsiemp-w-png.png","contentUrl":"https:\/\/arka-swsiemp.pl\/wp-content\/uploads\/2023\/07\/logo-swsiemp-w-png.png","width":1181,"height":1181,"caption":"Arka Gdynia SWSiEMP"},"image":{"@id":"https:\/\/arka-swsiemp.pl\/#\/schema\/logo\/image\/"},"sameAs":["https:\/\/www.facebook.com\/profile.php?id=100076234040257","https:\/\/www.instagram.com\/swsiemp_arka_gdynia\/"]}]}},"_links":{"self":[{"href":"https:\/\/arka-swsiemp.pl\/index.php\/wp-json\/wp\/v2\/pages\/3845","targetHints":{"allow":["GET"]}}],"collection":[{"href":"https:\/\/arka-swsiemp.pl\/index.php\/wp-json\/wp\/v2\/pages"}],"about":[{"href":"https:\/\/arka-swsiemp.pl\/index.php\/wp-json\/wp\/v2\/types\/page"}],"author":[{"embeddable":true,"href":"https:\/\/arka-swsiemp.pl\/index.php\/wp-json\/wp\/v2\/users\/1"}],"replies":[{"embeddable":true,"href":"https:\/\/arka-swsiemp.pl\/index.php\/wp-json\/wp\/v2\/comments?post=3845"}],"version-history":[{"count":7,"href":"https:\/\/arka-swsiemp.pl\/index.php\/wp-json\/wp\/v2\/pages\/3845\/revisions"}],"predecessor-version":[{"id":3853,"href":"https:\/\/arka-swsiemp.pl\/index.php\/wp-json\/wp\/v2\/pages\/3845\/revisions\/3853"}],"wp:attachment":[{"href":"https:\/\/arka-swsiemp.pl\/index.php\/wp-json\/wp\/v2\/media?parent=3845"}],"curies":[{"name":"wp","href":"https:\/\/api.w.org\/{rel}","templated":true}]}}