{"id":2727,"date":"2025-03-30T00:19:50","date_gmt":"2025-03-29T23:19:50","guid":{"rendered":"https:\/\/arka-swsiemp.pl\/?page_id=2727"},"modified":"2026-04-07T05:20:47","modified_gmt":"2026-04-07T03:20:47","slug":"kosakowo-treningi-arka-gdynia","status":"publish","type":"page","link":"https:\/\/arka-swsiemp.pl\/index.php\/kosakowo-treningi-arka-gdynia\/","title":{"rendered":"Kosakowo"},"content":{"rendered":"\t\t<div data-elementor-type=\"wp-page\" data-elementor-id=\"2727\" class=\"elementor elementor-2727\">\n\t\t\t\t\t\t<section class=\"elementor-section elementor-top-section elementor-element elementor-element-21b61ec2 elementor-section-boxed elementor-section-height-default elementor-section-height-default\" data-id=\"21b61ec2\" data-element_type=\"section\" data-e-type=\"section\" data-settings=\"{&quot;background_background&quot;:&quot;classic&quot;}\">\n\t\t\t\t\t\t\t<div class=\"elementor-background-overlay\"><\/div>\n\t\t\t\t\t\t\t<div class=\"elementor-container elementor-column-gap-no\">\n\t\t\t\t\t<div class=\"elementor-column elementor-col-100 elementor-top-column elementor-element elementor-element-174a8773 elementor-invisible\" data-id=\"174a8773\" data-element_type=\"column\" data-e-type=\"column\" data-settings=\"{&quot;animation&quot;:&quot;fadeIn&quot;}\">\n\t\t\t<div class=\"elementor-widget-wrap elementor-element-populated\">\n\t\t\t\t\t\t<div class=\"elementor-element elementor-element-371cc1e8 elementor-widget elementor-widget-heading\" data-id=\"371cc1e8\" data-element_type=\"widget\" data-e-type=\"widget\" data-widget_type=\"heading.default\">\n\t\t\t\t<div class=\"elementor-widget-container\">\n\t\t\t\t\t<h4 class=\"elementor-heading-title elementor-size-default\">GRAfik treningowy<\/h4>\t\t\t\t<\/div>\n\t\t\t\t<\/div>\n\t\t\t\t<div class=\"elementor-element elementor-element-43f85c95 elementor-widget elementor-widget-heading\" data-id=\"43f85c95\" data-element_type=\"widget\" data-e-type=\"widget\" data-widget_type=\"heading.default\">\n\t\t\t\t<div class=\"elementor-widget-container\">\n\t\t\t\t\t<h2 class=\"elementor-heading-title elementor-size-default\">pog\u00f3rze KOSAKOWo<\/h2>\t\t\t\t<\/div>\n\t\t\t\t<\/div>\n\t\t\t\t\t<\/div>\n\t\t<\/div>\n\t\t\t\t\t<\/div>\n\t\t<\/section>\n\t\t\t\t<section class=\"elementor-section elementor-top-section elementor-element elementor-element-4340f1de elementor-section-boxed elementor-section-height-default elementor-section-height-default\" data-id=\"4340f1de\" data-element_type=\"section\" data-e-type=\"section\" data-settings=\"{&quot;background_background&quot;:&quot;classic&quot;}\">\n\t\t\t\t\t\t<div class=\"elementor-container elementor-column-gap-no\">\n\t\t\t\t\t<div class=\"elementor-column elementor-col-100 elementor-top-column elementor-element elementor-element-3bbacd7e\" data-id=\"3bbacd7e\" data-element_type=\"column\" data-e-type=\"column\">\n\t\t\t<div class=\"elementor-widget-wrap elementor-element-populated\">\n\t\t\t\t\t\t<section class=\"elementor-section elementor-inner-section elementor-element elementor-element-2205effd elementor-section-boxed elementor-section-height-default elementor-section-height-default elementor-invisible\" data-id=\"2205effd\" data-element_type=\"section\" data-e-type=\"section\" data-settings=\"{&quot;animation&quot;:&quot;fadeInUp&quot;}\">\n\t\t\t\t\t\t<div class=\"elementor-container elementor-column-gap-no\">\n\t\t\t\t\t<div class=\"elementor-column elementor-col-100 elementor-inner-column elementor-element elementor-element-4f2a4b6f\" data-id=\"4f2a4b6f\" data-element_type=\"column\" data-e-type=\"column\">\n\t\t\t<div class=\"elementor-widget-wrap elementor-element-populated\">\n\t\t\t\t\t\t<div class=\"elementor-element elementor-element-686375d7 elementor-widget elementor-widget-heading\" data-id=\"686375d7\" data-element_type=\"widget\" data-e-type=\"widget\" data-widget_type=\"heading.default\">\n\t\t\t\t<div class=\"elementor-widget-container\">\n\t\t\t\t\t<h2 class=\"elementor-heading-title elementor-size-default\">GRAFIK<\/h2>\t\t\t\t<\/div>\n\t\t\t\t<\/div>\n\t\t\t\t\t<\/div>\n\t\t<\/div>\n\t\t\t\t\t<\/div>\n\t\t<\/section>\n\t\t\t\t<section class=\"elementor-section elementor-inner-section elementor-element elementor-element-13a59333 elementor-section-boxed elementor-section-height-default elementor-section-height-default\" data-id=\"13a59333\" data-element_type=\"section\" data-e-type=\"section\">\n\t\t\t\t\t\t<div class=\"elementor-container elementor-column-gap-extended\">\n\t\t\t\t\t<div class=\"elementor-column elementor-col-33 elementor-inner-column elementor-element elementor-element-30def29d\" data-id=\"30def29d\" data-element_type=\"column\" data-e-type=\"column\" data-settings=\"{&quot;background_background&quot;:&quot;classic&quot;}\">\n\t\t\t<div class=\"elementor-widget-wrap elementor-element-populated\">\n\t\t\t\t\t\t<div class=\"elementor-element elementor-element-760f887 eael-infobox-content-align--center eael-infobox-icon-bg-shape-none eael-infobox-icon-hover-bg-shape-none elementor-invisible elementor-widget elementor-widget-eael-info-box\" data-id=\"760f887\" data-element_type=\"widget\" data-e-type=\"widget\" data-settings=\"{&quot;_animation&quot;:&quot;zoomIn&quot;}\" data-widget_type=\"eael-info-box.default\">\n\t\t\t\t<div class=\"elementor-widget-container\">\n\t\t\t\t\t        <div class=\"eael-infobox icon-on-top\">\n\t            <div class=\"infobox-icon eael-icon-only\">\n\n            \n                            <div class=\"infobox-icon-wrap\">\n                                    <\/div>\n            \n            \n        <\/div>\n            <div class=\"infobox-content eael-icon-only\">\n                    <div class=\"infobox-title-section\">\n                <h2 class=\"title\">Rocznik 2018\/19\/20<\/h2>            <\/div>\n            <div><p><strong>Wtorek godz.16.45<\/strong><\/p><p><strong>Czwartek\u00a0 godz.16.45<\/strong><\/p><\/div>        <\/div>\n            <\/div>\n\n\t\t\t\t\t\t<\/div>\n\t\t\t\t<\/div>\n\t\t\t\t\t<\/div>\n\t\t<\/div>\n\t\t\t\t<div class=\"elementor-column elementor-col-33 elementor-inner-column elementor-element elementor-element-87dde37\" data-id=\"87dde37\" data-element_type=\"column\" data-e-type=\"column\" data-settings=\"{&quot;background_background&quot;:&quot;classic&quot;}\">\n\t\t\t<div class=\"elementor-widget-wrap elementor-element-populated\">\n\t\t\t\t\t\t<div class=\"elementor-element elementor-element-173fedf eael-infobox-content-align--center eael-infobox-icon-bg-shape-none eael-infobox-icon-hover-bg-shape-none elementor-invisible elementor-widget elementor-widget-eael-info-box\" data-id=\"173fedf\" data-element_type=\"widget\" data-e-type=\"widget\" data-settings=\"{&quot;_animation&quot;:&quot;zoomIn&quot;}\" data-widget_type=\"eael-info-box.default\">\n\t\t\t\t<div class=\"elementor-widget-container\">\n\t\t\t\t\t        <div class=\"eael-infobox icon-on-top\">\n\t            <div class=\"infobox-icon eael-icon-only\">\n\n            \n                            <div class=\"infobox-icon-wrap\">\n                                    <\/div>\n            \n            \n        <\/div>\n            <div class=\"infobox-content eael-icon-only\">\n                    <div class=\"infobox-title-section\">\n                <h2 class=\"title\">Rocznik 2016\/17<\/h2>            <\/div>\n            <div><p><strong>Wtorek\u00a0 godz.17.45<\/strong><\/p><p><strong>Czwartek\u00a0 godz.17.45<\/strong><\/p><\/div>        <\/div>\n            <\/div>\n\n\t\t\t\t\t\t<\/div>\n\t\t\t\t<\/div>\n\t\t\t\t\t<\/div>\n\t\t<\/div>\n\t\t\t\t<div class=\"elementor-column elementor-col-33 elementor-inner-column elementor-element elementor-element-c6b7ebd\" data-id=\"c6b7ebd\" data-element_type=\"column\" data-e-type=\"column\" data-settings=\"{&quot;background_background&quot;:&quot;classic&quot;}\">\n\t\t\t<div class=\"elementor-widget-wrap elementor-element-populated\">\n\t\t\t\t\t\t<div class=\"elementor-element elementor-element-578cfb6e eael-infobox-content-align--center eael-infobox-icon-bg-shape-none eael-infobox-icon-hover-bg-shape-none elementor-invisible elementor-widget elementor-widget-eael-info-box\" data-id=\"578cfb6e\" data-element_type=\"widget\" data-e-type=\"widget\" data-settings=\"{&quot;_animation&quot;:&quot;zoomIn&quot;}\" data-widget_type=\"eael-info-box.default\">\n\t\t\t\t<div class=\"elementor-widget-container\">\n\t\t\t\t\t        <div class=\"eael-infobox icon-on-top\">\n\t            <div class=\"infobox-icon eael-icon-only\">\n\n            \n                            <div class=\"infobox-icon-wrap\">\n                                    <\/div>\n            \n            \n        <\/div>\n            <div class=\"infobox-content eael-icon-only\">\n                    <div class=\"infobox-title-section\">\n                <h2 class=\"title\">Rocznik 2014\/15<\/h2>            <\/div>\n            <div><p><strong>Wtorek\u00a0 godz.18.45<\/strong><\/p><p><strong>Czwartek godz.18.45<\/strong><\/p><\/div>        <\/div>\n            <\/div>\n\n\t\t\t\t\t\t<\/div>\n\t\t\t\t<\/div>\n\t\t\t\t\t<\/div>\n\t\t<\/div>\n\t\t\t\t\t<\/div>\n\t\t<\/section>\n\t\t\t\t<div class=\"elementor-element elementor-element-a8f29ba elementor-widget elementor-widget-text-editor\" data-id=\"a8f29ba\" data-element_type=\"widget\" data-e-type=\"widget\" data-widget_type=\"text-editor.default\">\n\t\t\t\t<div class=\"elementor-widget-container\">\n\t\t\t\t\t\t\t\t\t<p>Uwaga! &#8211; Grafik treningowy mo\u017ce ulega\u0107 zmianie w momencie przej\u015bcia z boiska na hal\u0119\u00a0 (pa\u017adziernik)oraz w momencie przej\u015bcia z hali na boisko (kwiecie\u0144)<\/p>\t\t\t\t\t\t\t\t<\/div>\n\t\t\t\t<\/div>\n\t\t\t\t\t<\/div>\n\t\t<\/div>\n\t\t\t\t\t<\/div>\n\t\t<\/section>\n\t\t\t\t<section class=\"elementor-section elementor-top-section elementor-element elementor-element-7accb081 elementor-section-boxed elementor-section-height-default elementor-section-height-default\" data-id=\"7accb081\" data-element_type=\"section\" data-e-type=\"section\" data-settings=\"{&quot;background_background&quot;:&quot;classic&quot;}\">\n\t\t\t\t\t\t<div class=\"elementor-container elementor-column-gap-no\">\n\t\t\t\t\t<div class=\"elementor-column elementor-col-100 elementor-top-column elementor-element elementor-element-53fe8de2\" data-id=\"53fe8de2\" data-element_type=\"column\" data-e-type=\"column\">\n\t\t\t<div class=\"elementor-widget-wrap elementor-element-populated\">\n\t\t\t\t\t\t<section class=\"elementor-section elementor-inner-section elementor-element elementor-element-7d5209d3 elementor-section-boxed elementor-section-height-default elementor-section-height-default elementor-invisible\" data-id=\"7d5209d3\" data-element_type=\"section\" data-e-type=\"section\" data-settings=\"{&quot;animation&quot;:&quot;fadeInUp&quot;}\">\n\t\t\t\t\t\t<div class=\"elementor-container elementor-column-gap-no\">\n\t\t\t\t\t<div class=\"elementor-column elementor-col-100 elementor-inner-column elementor-element elementor-element-3fb8b32f\" data-id=\"3fb8b32f\" data-element_type=\"column\" data-e-type=\"column\">\n\t\t\t<div class=\"elementor-widget-wrap elementor-element-populated\">\n\t\t\t\t\t\t<div class=\"elementor-element elementor-element-c8960f5 elementor-widget elementor-widget-heading\" data-id=\"c8960f5\" data-element_type=\"widget\" data-e-type=\"widget\" data-widget_type=\"heading.default\">\n\t\t\t\t<div class=\"elementor-widget-container\">\n\t\t\t\t\t<h2 class=\"elementor-heading-title elementor-size-default\">Gdzie trenujemy?<\/h2>\t\t\t\t<\/div>\n\t\t\t\t<\/div>\n\t\t\t\t<div class=\"elementor-element elementor-element-d6a1980 elementor-widget elementor-widget-heading\" data-id=\"d6a1980\" data-element_type=\"widget\" data-e-type=\"widget\" data-widget_type=\"heading.default\">\n\t\t\t\t<div class=\"elementor-widget-container\">\n\t\t\t\t\t<h2 class=\"elementor-heading-title elementor-size-default\">SP w Pog\u00f3rzu, ul. Szkolna 15 <\/h2>\t\t\t\t<\/div>\n\t\t\t\t<\/div>\n\t\t\t\t\t<\/div>\n\t\t<\/div>\n\t\t\t\t\t<\/div>\n\t\t<\/section>\n\t\t\t\t<section class=\"elementor-section elementor-inner-section elementor-element elementor-element-7c3a1562 elementor-section-boxed elementor-section-height-default elementor-section-height-default\" data-id=\"7c3a1562\" data-element_type=\"section\" data-e-type=\"section\">\n\t\t\t\t\t\t<div class=\"elementor-container elementor-column-gap-no\">\n\t\t\t\t\t<div class=\"elementor-column elementor-col-50 elementor-inner-column elementor-element elementor-element-7e0a9891 elementor-invisible\" data-id=\"7e0a9891\" data-element_type=\"column\" data-e-type=\"column\" data-settings=\"{&quot;animation&quot;:&quot;fadeInLeft&quot;}\">\n\t\t\t<div class=\"elementor-widget-wrap elementor-element-populated\">\n\t\t\t\t\t\t<div class=\"elementor-element elementor-element-5581f950 eael-team-align-eael-team-align-default elementor-widget elementor-widget-eael-team-member\" data-id=\"5581f950\" data-element_type=\"widget\" data-e-type=\"widget\" data-widget_type=\"eael-team-member.default\">\n\t\t\t\t<div class=\"elementor-widget-container\">\n\t\t\t\t\t\n\n\t<div id=\"eael-team-member-5581f950\" class=\"eael-team-item eael-team-members-social-right \">\n\t\t<div class=\"eael-team-item-inner\">\n\t\t\t<div class=\"eael-team-image\">\n\t\t\t\t<figure>\n\t\t\t\t\t\t\t\t\t\t<img decoding=\"async\" src=\"https:\/\/arka-swsiemp.pl\/wp-content\/uploads\/2025\/03\/IMG-20250329-WA0003.jpg\" alt=\"\">\n\t\t\t\t\t\t\t\t\t<\/figure>\n\t\t\t\t\t\t\t\t\t\t\t\t\t\n\t\t\t\t\n\t\t\t<\/div>\n\n\t\t\t<div class=\"eael-team-content\">\n\t\t\t\t<h2 class=\"eael-team-member-name\"><\/h2><h3 class=\"eael-team-member-position\"><\/h3>\n\t\t\t\t\t\t\t\t\t\t\t\t\t\t<p class=\"eael-team-text\"><\/p>\n\t\t\t\t\t\t\t<\/div>\n\t\t<\/div>\n\t<\/div>\n\t\t\t\t\t<\/div>\n\t\t\t\t<\/div>\n\t\t\t\t\t<\/div>\n\t\t<\/div>\n\t\t\t\t<div class=\"elementor-column elementor-col-50 elementor-inner-column elementor-element elementor-element-14ec73b elementor-invisible\" data-id=\"14ec73b\" data-element_type=\"column\" data-e-type=\"column\" data-settings=\"{&quot;animation&quot;:&quot;zoomIn&quot;}\">\n\t\t\t<div class=\"elementor-widget-wrap elementor-element-populated\">\n\t\t\t\t\t\t<div class=\"elementor-element elementor-element-55a8cd3d eael-team-align-eael-team-align-default elementor-widget elementor-widget-eael-team-member\" data-id=\"55a8cd3d\" data-element_type=\"widget\" data-e-type=\"widget\" data-widget_type=\"eael-team-member.default\">\n\t\t\t\t<div class=\"elementor-widget-container\">\n\t\t\t\t\t\n\n\t<div id=\"eael-team-member-55a8cd3d\" class=\"eael-team-item eael-team-members-social-right \">\n\t\t<div class=\"eael-team-item-inner\">\n\t\t\t<div class=\"eael-team-image\">\n\t\t\t\t<figure>\n\t\t\t\t\t\t\t\t\t\t<img decoding=\"async\" src=\"https:\/\/arka-swsiemp.pl\/wp-content\/uploads\/2025\/03\/IMG-20250329-WA0004.jpg\" alt=\"\">\n\t\t\t\t\t\t\t\t\t<\/figure>\n\t\t\t\t\t\t\t\t\t\t\t\t\t\n\t\t\t\t\n\t\t\t<\/div>\n\n\t\t\t<div class=\"eael-team-content\">\n\t\t\t\t<h2 class=\"eael-team-member-name\"><\/h2><h3 class=\"eael-team-member-position\"><\/h3>\n\t\t\t\t\t\t\t\t\t\t\t\t\t\t<p class=\"eael-team-text\"><\/p>\n\t\t\t\t\t\t\t<\/div>\n\t\t<\/div>\n\t<\/div>\n\t\t\t\t\t<\/div>\n\t\t\t\t<\/div>\n\t\t\t\t\t<\/div>\n\t\t<\/div>\n\t\t\t\t\t<\/div>\n\t\t<\/section>\n\t\t\t\t\t<\/div>\n\t\t<\/div>\n\t\t\t\t\t<\/div>\n\t\t<\/section>\n\t\t\t\t<\/div>\n\t\t","protected":false},"excerpt":{"rendered":"<p>GRAfik treningowy pog\u00f3rze KOSAKOWo GRAFIK Rocznik 2018\/19\/20 Wtorek godz.16.45 Czwartek\u00a0 godz.16.45 Rocznik 2016\/17 Wtorek\u00a0 godz.17.45 Czwartek\u00a0 godz.17.45 Rocznik 2014\/15 Wtorek\u00a0 godz.18.45 Czwartek godz.18.45 Uwaga! &#8211; Grafik treningowy mo\u017ce ulega\u0107 zmianie w momencie przej\u015bcia z boiska na hal\u0119\u00a0 (pa\u017adziernik)oraz w momencie przej\u015bcia z hali na boisko (kwiecie\u0144) Gdzie trenujemy? SP w Pog\u00f3rzu, ul. Szkolna 15<\/p>\n","protected":false},"author":1,"featured_media":2729,"parent":0,"menu_order":0,"comment_status":"closed","ping_status":"closed","template":"elementor_header_footer","meta":{"footnotes":""},"class_list":["post-2727","page","type-page","status-publish","has-post-thumbnail","hentry"],"yoast_head":"<!-- This site is optimized with the Yoast SEO plugin v27.3 - https:\/\/yoast.com\/product\/yoast-seo-wordpress\/ -->\n<title>Kosakowo | Arka Gdynia SWSiEMP<\/title>\n<meta name=\"description\" content=\"Kosakowo treningi Arka Gdynia to nasza nowa lokalizacja. Zapraszamy na zaj\u0119cia treningowe dzieci z rocznik\u00f3w 2012-2020.\" \/>\n<meta name=\"robots\" content=\"index, follow, max-snippet:-1, max-image-preview:large, max-video-preview:-1\" \/>\n<link rel=\"canonical\" href=\"https:\/\/arka-swsiemp.pl\/index.php\/kosakowo-treningi-arka-gdynia\/\" \/>\n<meta property=\"og:locale\" content=\"pl_PL\" \/>\n<meta property=\"og:type\" content=\"article\" \/>\n<meta property=\"og:title\" content=\"Kosakowo | Arka Gdynia SWSiEMP\" \/>\n<meta property=\"og:description\" content=\"Kosakowo treningi Arka Gdynia to nasza nowa lokalizacja. Zapraszamy na zaj\u0119cia treningowe dzieci z rocznik\u00f3w 2012-2020.\" \/>\n<meta property=\"og:url\" content=\"https:\/\/arka-swsiemp.pl\/index.php\/kosakowo-treningi-arka-gdynia\/\" \/>\n<meta property=\"og:site_name\" content=\"Arka Gdynia SWSiEMP\" \/>\n<meta property=\"article:publisher\" content=\"https:\/\/www.facebook.com\/profile.php?id=100076234040257\" \/>\n<meta property=\"article:modified_time\" content=\"2026-04-07T03:20:47+00:00\" \/>\n<meta property=\"og:image\" content=\"https:\/\/arka-swsiemp.pl\/wp-content\/uploads\/2025\/03\/IMG-20250329-WA0003.jpg\" \/>\n\t<meta property=\"og:image:width\" content=\"1600\" \/>\n\t<meta property=\"og:image:height\" content=\"1200\" \/>\n\t<meta property=\"og:image:type\" content=\"image\/jpeg\" \/>\n<meta name=\"twitter:card\" content=\"summary_large_image\" \/>\n<meta name=\"twitter:label1\" content=\"Szacowany czas czytania\" \/>\n\t<meta name=\"twitter:data1\" content=\"1 minuta\" \/>\n<script type=\"application\/ld+json\" class=\"yoast-schema-graph\">{\"@context\":\"https:\\\/\\\/schema.org\",\"@graph\":[{\"@type\":\"WebPage\",\"@id\":\"https:\\\/\\\/arka-swsiemp.pl\\\/index.php\\\/kosakowo-treningi-arka-gdynia\\\/\",\"url\":\"https:\\\/\\\/arka-swsiemp.pl\\\/index.php\\\/kosakowo-treningi-arka-gdynia\\\/\",\"name\":\"Kosakowo | Arka Gdynia SWSiEMP\",\"isPartOf\":{\"@id\":\"https:\\\/\\\/arka-swsiemp.pl\\\/#website\"},\"primaryImageOfPage\":{\"@id\":\"https:\\\/\\\/arka-swsiemp.pl\\\/index.php\\\/kosakowo-treningi-arka-gdynia\\\/#primaryimage\"},\"image\":{\"@id\":\"https:\\\/\\\/arka-swsiemp.pl\\\/index.php\\\/kosakowo-treningi-arka-gdynia\\\/#primaryimage\"},\"thumbnailUrl\":\"https:\\\/\\\/arka-swsiemp.pl\\\/wp-content\\\/uploads\\\/2025\\\/03\\\/IMG-20250329-WA0003.jpg\",\"datePublished\":\"2025-03-29T23:19:50+00:00\",\"dateModified\":\"2026-04-07T03:20:47+00:00\",\"description\":\"Kosakowo treningi Arka Gdynia to nasza nowa lokalizacja. Zapraszamy na zaj\u0119cia treningowe dzieci z rocznik\u00f3w 2012-2020.\",\"breadcrumb\":{\"@id\":\"https:\\\/\\\/arka-swsiemp.pl\\\/index.php\\\/kosakowo-treningi-arka-gdynia\\\/#breadcrumb\"},\"inLanguage\":\"pl-PL\",\"potentialAction\":[{\"@type\":\"ReadAction\",\"target\":[\"https:\\\/\\\/arka-swsiemp.pl\\\/index.php\\\/kosakowo-treningi-arka-gdynia\\\/\"]}]},{\"@type\":\"ImageObject\",\"inLanguage\":\"pl-PL\",\"@id\":\"https:\\\/\\\/arka-swsiemp.pl\\\/index.php\\\/kosakowo-treningi-arka-gdynia\\\/#primaryimage\",\"url\":\"https:\\\/\\\/arka-swsiemp.pl\\\/wp-content\\\/uploads\\\/2025\\\/03\\\/IMG-20250329-WA0003.jpg\",\"contentUrl\":\"https:\\\/\\\/arka-swsiemp.pl\\\/wp-content\\\/uploads\\\/2025\\\/03\\\/IMG-20250329-WA0003.jpg\",\"width\":1600,\"height\":1200},{\"@type\":\"BreadcrumbList\",\"@id\":\"https:\\\/\\\/arka-swsiemp.pl\\\/index.php\\\/kosakowo-treningi-arka-gdynia\\\/#breadcrumb\",\"itemListElement\":[{\"@type\":\"ListItem\",\"position\":1,\"name\":\"Strona g\u0142\u00f3wna\",\"item\":\"https:\\\/\\\/arka-swsiemp.pl\\\/\"},{\"@type\":\"ListItem\",\"position\":2,\"name\":\"Kosakowo\"}]},{\"@type\":\"WebSite\",\"@id\":\"https:\\\/\\\/arka-swsiemp.pl\\\/#website\",\"url\":\"https:\\\/\\\/arka-swsiemp.pl\\\/\",\"name\":\"Arka Gdynia SWSiEMP\",\"description\":\"\",\"publisher\":{\"@id\":\"https:\\\/\\\/arka-swsiemp.pl\\\/#organization\"},\"potentialAction\":[{\"@type\":\"SearchAction\",\"target\":{\"@type\":\"EntryPoint\",\"urlTemplate\":\"https:\\\/\\\/arka-swsiemp.pl\\\/?s={search_term_string}\"},\"query-input\":{\"@type\":\"PropertyValueSpecification\",\"valueRequired\":true,\"valueName\":\"search_term_string\"}}],\"inLanguage\":\"pl-PL\"},{\"@type\":\"Organization\",\"@id\":\"https:\\\/\\\/arka-swsiemp.pl\\\/#organization\",\"name\":\"Arka Gdynia SWSiEMP\",\"url\":\"https:\\\/\\\/arka-swsiemp.pl\\\/\",\"logo\":{\"@type\":\"ImageObject\",\"inLanguage\":\"pl-PL\",\"@id\":\"https:\\\/\\\/arka-swsiemp.pl\\\/#\\\/schema\\\/logo\\\/image\\\/\",\"url\":\"https:\\\/\\\/arka-swsiemp.pl\\\/wp-content\\\/uploads\\\/2023\\\/07\\\/logo-swsiemp-w-png.png\",\"contentUrl\":\"https:\\\/\\\/arka-swsiemp.pl\\\/wp-content\\\/uploads\\\/2023\\\/07\\\/logo-swsiemp-w-png.png\",\"width\":1181,\"height\":1181,\"caption\":\"Arka Gdynia SWSiEMP\"},\"image\":{\"@id\":\"https:\\\/\\\/arka-swsiemp.pl\\\/#\\\/schema\\\/logo\\\/image\\\/\"},\"sameAs\":[\"https:\\\/\\\/www.facebook.com\\\/profile.php?id=100076234040257\",\"https:\\\/\\\/www.instagram.com\\\/swsiemp_arka_gdynia\\\/\"]}]}<\/script>\n<!-- \/ Yoast SEO plugin. -->","yoast_head_json":{"title":"Kosakowo | Arka Gdynia SWSiEMP","description":"Kosakowo treningi Arka Gdynia to nasza nowa lokalizacja. Zapraszamy na zaj\u0119cia treningowe dzieci z rocznik\u00f3w 2012-2020.","robots":{"index":"index","follow":"follow","max-snippet":"max-snippet:-1","max-image-preview":"max-image-preview:large","max-video-preview":"max-video-preview:-1"},"canonical":"https:\/\/arka-swsiemp.pl\/index.php\/kosakowo-treningi-arka-gdynia\/","og_locale":"pl_PL","og_type":"article","og_title":"Kosakowo | Arka Gdynia SWSiEMP","og_description":"Kosakowo treningi Arka Gdynia to nasza nowa lokalizacja. Zapraszamy na zaj\u0119cia treningowe dzieci z rocznik\u00f3w 2012-2020.","og_url":"https:\/\/arka-swsiemp.pl\/index.php\/kosakowo-treningi-arka-gdynia\/","og_site_name":"Arka Gdynia SWSiEMP","article_publisher":"https:\/\/www.facebook.com\/profile.php?id=100076234040257","article_modified_time":"2026-04-07T03:20:47+00:00","og_image":[{"width":1600,"height":1200,"url":"https:\/\/arka-swsiemp.pl\/wp-content\/uploads\/2025\/03\/IMG-20250329-WA0003.jpg","type":"image\/jpeg"}],"twitter_card":"summary_large_image","twitter_misc":{"Szacowany czas czytania":"1 minuta"},"schema":{"@context":"https:\/\/schema.org","@graph":[{"@type":"WebPage","@id":"https:\/\/arka-swsiemp.pl\/index.php\/kosakowo-treningi-arka-gdynia\/","url":"https:\/\/arka-swsiemp.pl\/index.php\/kosakowo-treningi-arka-gdynia\/","name":"Kosakowo | Arka Gdynia SWSiEMP","isPartOf":{"@id":"https:\/\/arka-swsiemp.pl\/#website"},"primaryImageOfPage":{"@id":"https:\/\/arka-swsiemp.pl\/index.php\/kosakowo-treningi-arka-gdynia\/#primaryimage"},"image":{"@id":"https:\/\/arka-swsiemp.pl\/index.php\/kosakowo-treningi-arka-gdynia\/#primaryimage"},"thumbnailUrl":"https:\/\/arka-swsiemp.pl\/wp-content\/uploads\/2025\/03\/IMG-20250329-WA0003.jpg","datePublished":"2025-03-29T23:19:50+00:00","dateModified":"2026-04-07T03:20:47+00:00","description":"Kosakowo treningi Arka Gdynia to nasza nowa lokalizacja. Zapraszamy na zaj\u0119cia treningowe dzieci z rocznik\u00f3w 2012-2020.","breadcrumb":{"@id":"https:\/\/arka-swsiemp.pl\/index.php\/kosakowo-treningi-arka-gdynia\/#breadcrumb"},"inLanguage":"pl-PL","potentialAction":[{"@type":"ReadAction","target":["https:\/\/arka-swsiemp.pl\/index.php\/kosakowo-treningi-arka-gdynia\/"]}]},{"@type":"ImageObject","inLanguage":"pl-PL","@id":"https:\/\/arka-swsiemp.pl\/index.php\/kosakowo-treningi-arka-gdynia\/#primaryimage","url":"https:\/\/arka-swsiemp.pl\/wp-content\/uploads\/2025\/03\/IMG-20250329-WA0003.jpg","contentUrl":"https:\/\/arka-swsiemp.pl\/wp-content\/uploads\/2025\/03\/IMG-20250329-WA0003.jpg","width":1600,"height":1200},{"@type":"BreadcrumbList","@id":"https:\/\/arka-swsiemp.pl\/index.php\/kosakowo-treningi-arka-gdynia\/#breadcrumb","itemListElement":[{"@type":"ListItem","position":1,"name":"Strona g\u0142\u00f3wna","item":"https:\/\/arka-swsiemp.pl\/"},{"@type":"ListItem","position":2,"name":"Kosakowo"}]},{"@type":"WebSite","@id":"https:\/\/arka-swsiemp.pl\/#website","url":"https:\/\/arka-swsiemp.pl\/","name":"Arka Gdynia SWSiEMP","description":"","publisher":{"@id":"https:\/\/arka-swsiemp.pl\/#organization"},"potentialAction":[{"@type":"SearchAction","target":{"@type":"EntryPoint","urlTemplate":"https:\/\/arka-swsiemp.pl\/?s={search_term_string}"},"query-input":{"@type":"PropertyValueSpecification","valueRequired":true,"valueName":"search_term_string"}}],"inLanguage":"pl-PL"},{"@type":"Organization","@id":"https:\/\/arka-swsiemp.pl\/#organization","name":"Arka Gdynia SWSiEMP","url":"https:\/\/arka-swsiemp.pl\/","logo":{"@type":"ImageObject","inLanguage":"pl-PL","@id":"https:\/\/arka-swsiemp.pl\/#\/schema\/logo\/image\/","url":"https:\/\/arka-swsiemp.pl\/wp-content\/uploads\/2023\/07\/logo-swsiemp-w-png.png","contentUrl":"https:\/\/arka-swsiemp.pl\/wp-content\/uploads\/2023\/07\/logo-swsiemp-w-png.png","width":1181,"height":1181,"caption":"Arka Gdynia SWSiEMP"},"image":{"@id":"https:\/\/arka-swsiemp.pl\/#\/schema\/logo\/image\/"},"sameAs":["https:\/\/www.facebook.com\/profile.php?id=100076234040257","https:\/\/www.instagram.com\/swsiemp_arka_gdynia\/"]}]}},"_links":{"self":[{"href":"https:\/\/arka-swsiemp.pl\/index.php\/wp-json\/wp\/v2\/pages\/2727","targetHints":{"allow":["GET"]}}],"collection":[{"href":"https:\/\/arka-swsiemp.pl\/index.php\/wp-json\/wp\/v2\/pages"}],"about":[{"href":"https:\/\/arka-swsiemp.pl\/index.php\/wp-json\/wp\/v2\/types\/page"}],"author":[{"embeddable":true,"href":"https:\/\/arka-swsiemp.pl\/index.php\/wp-json\/wp\/v2\/users\/1"}],"replies":[{"embeddable":true,"href":"https:\/\/arka-swsiemp.pl\/index.php\/wp-json\/wp\/v2\/comments?post=2727"}],"version-history":[{"count":25,"href":"https:\/\/arka-swsiemp.pl\/index.php\/wp-json\/wp\/v2\/pages\/2727\/revisions"}],"predecessor-version":[{"id":4147,"href":"https:\/\/arka-swsiemp.pl\/index.php\/wp-json\/wp\/v2\/pages\/2727\/revisions\/4147"}],"wp:featuredmedia":[{"embeddable":true,"href":"https:\/\/arka-swsiemp.pl\/index.php\/wp-json\/wp\/v2\/media\/2729"}],"wp:attachment":[{"href":"https:\/\/arka-swsiemp.pl\/index.php\/wp-json\/wp\/v2\/media?parent=2727"}],"curies":[{"name":"wp","href":"https:\/\/api.w.org\/{rel}","templated":true}]}}